{"id":328,"date":"2024-05-09T14:06:24","date_gmt":"2024-05-09T11:06:24","guid":{"rendered":"http:\/\/autovehiculerutiere.upb.ro\/?page_id=328"},"modified":"2024-05-09T21:56:04","modified_gmt":"2024-05-09T18:56:04","slug":"admitere-master-stada","status":"publish","type":"page","link":"http:\/\/autovehiculerutiere.upb.ro\/?page_id=328","title":{"rendered":"Admitere master STADA \u0219i SIOAM"},"content":{"rendered":"\r\n\r\n\n<p>Tematica si bibliografie<\/p>\n\n\n\n<p>Tematica STADA si SIOAM<\/p>\n\n\n\n<ol>\n<li>Utilizarea energiei pe automobil<\/li>\n\n\n\n<li>Masuri generale de reducere a consumului de combustibil si a emisiei de CO<sub>2<\/sub><\/li>\n\n\n\n<li>Clasificarea sistemelor de propulsie hibride electrice<\/li>\n\n\n\n<li>Modurile de func\u021bionare a sistemelor hibride electrice<\/li>\n\n\n\n<li>Conlucrarea transmisiei automobilului&nbsp; cu motorul termic<\/li>\n\n\n\n<li>Evolu\u021bii ale arhitecturilor transmisiilor moderne<\/li>\n\n\n\n<li>Ergonomia autovehiculelor<\/li>\n<\/ol>\n\n\n\n<p>Bibliografie<\/p>\n\n\n\n<p>1. Cristian Ren\u021bea, \u201eCercet\u0103ri privind influen\u021ba transmisiei asupra consumului energetic al&nbsp; automobilului. Capitolul 1: Etape ale evolu\u021biei transmisiilor automobilelor\u201d, Teza de doctorat, Universitatea POLITEHNICA din Bucure\u0219ti, 2021 (autovehiculerutiere.upb.ro)<\/p>\n\n\n\n<p>2. Andrei Maciac, \u201eInvestigarea arhitecturilor \u015fi strategiilor de comand\u0103 ale sistemelor de propulsie hibride pentru autovehicule. Capitolul 1: Stadiu actual al cercet\u0103rilor privind sistemele de propulsie hibride electrice\u201d, Teza de doctorat, Universitatea POLITEHNICA din Bucure\u0219ti, 2012 (autovehiculerutiere.upb.ro)<\/p>\n\n\n\n<p>3. Mihail-Daniel Iozsa \u2013 Caroserii pentru autovehicule rutiere, Politehnica Press, 2016 (autovehiculerutiere.upb.ro)<\/p>\n\n\n\n<div data-wp-interactive=\"core\/file\" class=\"wp-block-file\"><object data-wp-bind--hidden=\"!state.hasPdfPreview\"  class=\"wp-block-file__embed\" data=\"http:\/\/autovehiculerutiere.upb.ro\/wp-content\/uploads\/2024\/05\/Teza-Rentea_Cap-1.pdf\" type=\"application\/pdf\" style=\"width:100%;height:600px\" aria-label=\"Embed of Teza-Rentea_Cap-1.\"><\/object><a id=\"wp-block-file--media-c582e34f-03a8-4dc8-a93d-749942a30bae\" href=\"http:\/\/autovehiculerutiere.upb.ro\/wp-content\/uploads\/2024\/05\/Teza-Rentea_Cap-1.pdf\">Teza-Rentea_Cap-1<\/a><a href=\"http:\/\/autovehiculerutiere.upb.ro\/wp-content\/uploads\/2024\/05\/Teza-Rentea_Cap-1.pdf\" class=\"wp-block-file__button wp-element-button\" download aria-describedby=\"wp-block-file--media-c582e34f-03a8-4dc8-a93d-749942a30bae\">Download<\/a><\/div>\n\n\n\n<div data-wp-interactive=\"core\/file\" class=\"wp-block-file\"><object data-wp-bind--hidden=\"!state.hasPdfPreview\"  class=\"wp-block-file__embed\" data=\"http:\/\/autovehiculerutiere.upb.ro\/wp-content\/uploads\/2024\/05\/Teza-Doctorat-Maciac_cap1.pdf\" type=\"application\/pdf\" style=\"width:100%;height:600px\" aria-label=\"Embed of Teza-Doctorat-Maciac_cap1.\"><\/object><a id=\"wp-block-file--media-1994d65f-0f77-4705-855c-f6689a3e0c3e\" href=\"http:\/\/autovehiculerutiere.upb.ro\/wp-content\/uploads\/2024\/05\/Teza-Doctorat-Maciac_cap1.pdf\">Teza-Doctorat-Maciac_cap1<\/a><a href=\"http:\/\/autovehiculerutiere.upb.ro\/wp-content\/uploads\/2024\/05\/Teza-Doctorat-Maciac_cap1.pdf\" class=\"wp-block-file__button wp-element-button\" download aria-describedby=\"wp-block-file--media-1994d65f-0f77-4705-855c-f6689a3e0c3e\">Download<\/a><\/div>\n\n\n\n<div data-wp-interactive=\"core\/file\" class=\"wp-block-file\"><object data-wp-bind--hidden=\"!state.hasPdfPreview\"  class=\"wp-block-file__embed\" data=\"http:\/\/autovehiculerutiere.upb.ro\/wp-content\/uploads\/2024\/05\/Ergonomie-si-organizare-autovehicule.pdf\" type=\"application\/pdf\" style=\"width:100%;height:600px\" aria-label=\"Embed of Ergonomie-si-organizare-autovehicule.\"><\/object><a id=\"wp-block-file--media-e0784cc6-bd75-4bc5-ae78-3768e888f436\" href=\"http:\/\/autovehiculerutiere.upb.ro\/wp-content\/uploads\/2024\/05\/Ergonomie-si-organizare-autovehicule.pdf\">Ergonomie-si-organizare-autovehicule<\/a><a href=\"http:\/\/autovehiculerutiere.upb.ro\/wp-content\/uploads\/2024\/05\/Ergonomie-si-organizare-autovehicule.pdf\" class=\"wp-block-file__button wp-element-button\" download aria-describedby=\"wp-block-file--media-e0784cc6-bd75-4bc5-ae78-3768e888f436\">Download<\/a><\/div>\n\r\n","protected":false},"excerpt":{"rendered":"<p>Tematica si bibliografie Tematica STADA si SIOAM Bibliografie 1. Cristian Ren\u021bea, \u201eCercet\u0103ri privind influen\u021ba transmisiei asupra consumului energetic al&nbsp; automobilului. Capitolul 1: Etape ale evolu\u021biei transmisiilor automobilelor\u201d, Teza de doctorat, Universitatea POLITEHNICA din Bucure\u0219ti, 2021 (autovehiculerutiere.upb.ro) 2. Andrei Maciac, \u201eInvestigarea &hellip; <a href=\"http:\/\/autovehiculerutiere.upb.ro\/?page_id=328\">Continued<\/a><\/p>\n","protected":false},"author":1,"featured_media":0,"parent":0,"menu_order":0,"comment_status":"closed","ping_status":"closed","template":"","meta":{"footnotes":""},"_links":{"self":[{"href":"http:\/\/autovehiculerutiere.upb.ro\/index.php?rest_route=\/wp\/v2\/pages\/328"}],"collection":[{"href":"http:\/\/autovehiculerutiere.upb.ro\/index.php?rest_route=\/wp\/v2\/pages"}],"about":[{"href":"http:\/\/autovehiculerutiere.upb.ro\/index.php?rest_route=\/wp\/v2\/types\/page"}],"author":[{"embeddable":true,"href":"http:\/\/autovehiculerutiere.upb.ro\/index.php?rest_route=\/wp\/v2\/users\/1"}],"replies":[{"embeddable":true,"href":"http:\/\/autovehiculerutiere.upb.ro\/index.php?rest_route=%2Fwp%2Fv2%2Fcomments&post=328"}],"version-history":[{"count":3,"href":"http:\/\/autovehiculerutiere.upb.ro\/index.php?rest_route=\/wp\/v2\/pages\/328\/revisions"}],"predecessor-version":[{"id":342,"href":"http:\/\/autovehiculerutiere.upb.ro\/index.php?rest_route=\/wp\/v2\/pages\/328\/revisions\/342"}],"wp:attachment":[{"href":"http:\/\/autovehiculerutiere.upb.ro\/index.php?rest_route=%2Fwp%2Fv2%2Fmedia&parent=328"}],"curies":[{"name":"wp","href":"https:\/\/api.w.org\/{rel}","templated":true}]}}