{"id":56,"date":"2024-02-09T22:12:19","date_gmt":"2024-02-09T20:12:19","guid":{"rendered":"http:\/\/autovehiculerutiere.upb.ro\/?page_id=56"},"modified":"2024-04-30T11:10:27","modified_gmt":"2024-04-30T08:10:27","slug":"studii","status":"publish","type":"page","link":"http:\/\/autovehiculerutiere.upb.ro\/?page_id=56","title":{"rendered":"STUDII"},"content":{"rendered":"\r\n\r\n\n<h2 class=\"wp-block-heading\">STUDII DE LICEN\u021a\u0102<\/h2>\n\n\n\n<p>In cadrul Facult\u0103\u021bii de Transporturi din POLITEHNICA Bucure\u0219ti, \u00een Domeniul Ingineria Autovehiculelor sunt organizate de c\u0103tre Departamentul AUTOVEHICULE RUTIERE urm\u0103toarele programe de studii de licen\u021b\u0103:<\/p>\n\n\n\n<ul>\n<li><em><a href=\"http:\/\/autovehiculerutiere.upb.ro\/?p=285\" data-type=\"post\" data-id=\"285\">Autovehicule rutiere<\/a><\/em><\/li>\n<\/ul>\n\n\n\n<ul>\n<li><em><a href=\"http:\/\/autovehiculerutiere.upb.ro\/?p=281\" data-type=\"post\" data-id=\"281\">Ingineria Sistemelor de Propulsie ale Autovehiculelor<\/a><\/em><\/li>\n<\/ul>\n\n\n\n<hr class=\"wp-block-separator has-alpha-channel-opacity\"\/>\n\n\n\n<h2 class=\"wp-block-heading\">STUDII DE MASTER<\/h2>\n\n\n\n<p>In cadrul Facult\u0103\u021bii de Transporturi din POLITEHNICA Bucure\u0219ti, \u00een Domeniul Ingineria Autovehiculelor sunt organizate de c\u0103tre Departamentul AUTOVEHICULE RUTIERE urm\u0103toarele programe de studii de master:<\/p>\n\n\n\n<ul>\n<li><em><a href=\"http:\/\/autovehiculerutiere.upb.ro\/?page_id=301\" data-type=\"page\" data-id=\"301\">Sisteme si Tehnologii Avansate in Domeniul Autovehiculelor<\/a><\/em><\/li>\n<\/ul>\n\n\n\n<ul>\n<li><em><a href=\"http:\/\/autovehiculerutiere.upb.ro\/?page_id=304\" data-type=\"page\" data-id=\"304\">Sistemul Integrat Om-Autovehicul-Mediu<\/a><\/em><\/li>\n<\/ul>\n\n\n\n<ul>\n<li><em><a href=\"http:\/\/autovehiculerutiere.upb.ro\/?page_id=306\" data-type=\"page\" data-id=\"306\">Cercetare \u0219i Dezvoltare \u00een Domeniul Ingineriei Autovehiculelor<\/a><\/em><\/li>\n<\/ul>\n\r\n","protected":false},"excerpt":{"rendered":"<p>STUDII DE LICEN\u021a\u0102 In cadrul Facult\u0103\u021bii de Transporturi din POLITEHNICA Bucure\u0219ti, \u00een Domeniul Ingineria Autovehiculelor sunt organizate de c\u0103tre Departamentul AUTOVEHICULE RUTIERE urm\u0103toarele programe de studii de licen\u021b\u0103: STUDII DE MASTER In cadrul Facult\u0103\u021bii de Transporturi din POLITEHNICA Bucure\u0219ti, \u00een &hellip; <a href=\"http:\/\/autovehiculerutiere.upb.ro\/?page_id=56\">Continued<\/a><\/p>\n","protected":false},"author":1,"featured_media":0,"parent":0,"menu_order":0,"comment_status":"closed","ping_status":"closed","template":"","meta":{"footnotes":""},"_links":{"self":[{"href":"http:\/\/autovehiculerutiere.upb.ro\/index.php?rest_route=\/wp\/v2\/pages\/56"}],"collection":[{"href":"http:\/\/autovehiculerutiere.upb.ro\/index.php?rest_route=\/wp\/v2\/pages"}],"about":[{"href":"http:\/\/autovehiculerutiere.upb.ro\/index.php?rest_route=\/wp\/v2\/types\/page"}],"author":[{"embeddable":true,"href":"http:\/\/autovehiculerutiere.upb.ro\/index.php?rest_route=\/wp\/v2\/users\/1"}],"replies":[{"embeddable":true,"href":"http:\/\/autovehiculerutiere.upb.ro\/index.php?rest_route=%2Fwp%2Fv2%2Fcomments&post=56"}],"version-history":[{"count":6,"href":"http:\/\/autovehiculerutiere.upb.ro\/index.php?rest_route=\/wp\/v2\/pages\/56\/revisions"}],"predecessor-version":[{"id":308,"href":"http:\/\/autovehiculerutiere.upb.ro\/index.php?rest_route=\/wp\/v2\/pages\/56\/revisions\/308"}],"wp:attachment":[{"href":"http:\/\/autovehiculerutiere.upb.ro\/index.php?rest_route=%2Fwp%2Fv2%2Fmedia&parent=56"}],"curies":[{"name":"wp","href":"https:\/\/api.w.org\/{rel}","templated":true}]}}